{"id":349,"date":"2025-01-18T11:25:59","date_gmt":"2025-01-18T11:25:59","guid":{"rendered":"https:\/\/daylight-dream.ee\/?page_id=349"},"modified":"2025-02-08T11:53:20","modified_gmt":"2025-02-08T11:53:20","slug":"ettevotte-praktika","status":"publish","type":"page","link":"https:\/\/daylight-dream.ee\/?page_id=349","title":{"rendered":"Ettev\u00f5ttepraktika"},"content":{"rendered":"\n<p>Sooritasin ettev\u00f5ttepraktika SA Rakvere Teatrimajas peakunstnik Krista Areni k\u00e4e all. Praktikal antud \u00fclesanded viisid mind mugavustsoonist v\u00e4lja ning andsid mulle kindlust juurde illustreerimisel ja programmide kasutamisel, nagu Krita ja Procreate. Suurema osa praktikast veetsin Rakveres kodukontoris, aga sain ka teatris kohapeal \u00fclesandeid t\u00e4itmas k\u00e4ia.<\/p>\n\n\n\n<figure class=\"wp-block-gallery has-nested-images columns-default is-cropped dd-custom-overlay wp-block-gallery-1 is-layout-flex wp-block-gallery-is-layout-flex\">\n<figure class=\"wp-block-image size-large has-lightbox\"><a href=\"https:\/\/daylight-dream.ee\/?p=463\"><img data-dominant-color=\"998972\" data-has-transparency=\"false\" style=\"--dominant-color: #998972;\" loading=\"lazy\" decoding=\"async\" width=\"1024\" height=\"1024\" data-id=\"917\" src=\"https:\/\/daylight-dream.ee\/wp-content\/uploads\/2025\/02\/Taheke-1024x1024.avif\" alt=\"\" class=\"wp-image-917 not-transparent\" srcset=\"https:\/\/daylight-dream.ee\/wp-content\/uploads\/2025\/02\/Taheke-1024x1024.avif 1024w, https:\/\/daylight-dream.ee\/wp-content\/uploads\/2025\/02\/Taheke-300x300.avif 300w, https:\/\/daylight-dream.ee\/wp-content\/uploads\/2025\/02\/Taheke-150x150.avif 150w, https:\/\/daylight-dream.ee\/wp-content\/uploads\/2025\/02\/Taheke-768x768.avif 768w, https:\/\/daylight-dream.ee\/wp-content\/uploads\/2025\/02\/Taheke-1536x1536.avif 1536w, https:\/\/daylight-dream.ee\/wp-content\/uploads\/2025\/02\/Taheke-2048x2048.avif 2048w\" sizes=\"auto, (max-width: 1024px) 100vw, 1024px\" \/><\/a><figcaption class=\"wp-element-caption\">Ajakiri &#8220;T\u00e4heke&#8221;<\/figcaption><\/figure>\n\n\n\n<figure class=\"wp-block-image size-large has-lightbox\"><a href=\"https:\/\/daylight-dream.ee\/?p=516\"><img data-dominant-color=\"c1736a\" data-has-transparency=\"false\" style=\"--dominant-color: #c1736a;\" loading=\"lazy\" decoding=\"async\" width=\"1024\" height=\"1024\" data-id=\"919\" src=\"https:\/\/daylight-dream.ee\/wp-content\/uploads\/2025\/02\/Kava-1024x1024.avif\" alt=\"\" class=\"wp-image-919 not-transparent\" srcset=\"https:\/\/daylight-dream.ee\/wp-content\/uploads\/2025\/02\/Kava-1024x1024.avif 1024w, https:\/\/daylight-dream.ee\/wp-content\/uploads\/2025\/02\/Kava-300x300.avif 300w, https:\/\/daylight-dream.ee\/wp-content\/uploads\/2025\/02\/Kava-150x150.avif 150w, https:\/\/daylight-dream.ee\/wp-content\/uploads\/2025\/02\/Kava-768x768.avif 768w, https:\/\/daylight-dream.ee\/wp-content\/uploads\/2025\/02\/Kava-1536x1536.avif 1536w, https:\/\/daylight-dream.ee\/wp-content\/uploads\/2025\/02\/Kava-2048x2048.avif 2048w\" sizes=\"auto, (max-width: 1024px) 100vw, 1024px\" \/><\/a><figcaption class=\"wp-element-caption\">Kava lavastusele &#8220;Piparkoogimehike&#8221;<\/figcaption><\/figure>\n<\/figure>\n","protected":false},"excerpt":{"rendered":"<p>Sooritasin ettev\u00f5ttepraktika SA Rakvere Teatrimajas peakunstnik Krista Areni k\u00e4e all. Praktikal antud \u00fclesanded viisid mind mugavustsoonist v\u00e4lja ning andsid mulle kindlust juurde illustreerimisel ja programmide kasutamisel, nagu Krita ja Procreate. Suurema osa praktikast veetsin Rakveres kodukontoris, aga sain ka teatris kohapeal \u00fclesandeid t\u00e4itmas k\u00e4ia.<\/p>\n","protected":false},"author":1,"featured_media":0,"parent":0,"menu_order":0,"comment_status":"closed","ping_status":"closed","template":"","meta":{"_coblocks_attr":"","_coblocks_dimensions":"","_coblocks_responsive_height":"","_coblocks_accordion_ie_support":"","footnotes":""},"categories":[],"tags":[],"class_list":["post-349","page","type-page","status-publish","hentry"],"_links":{"self":[{"href":"https:\/\/daylight-dream.ee\/index.php?rest_route=\/wp\/v2\/pages\/349","targetHints":{"allow":["GET"]}}],"collection":[{"href":"https:\/\/daylight-dream.ee\/index.php?rest_route=\/wp\/v2\/pages"}],"about":[{"href":"https:\/\/daylight-dream.ee\/index.php?rest_route=\/wp\/v2\/types\/page"}],"author":[{"embeddable":true,"href":"https:\/\/daylight-dream.ee\/index.php?rest_route=\/wp\/v2\/users\/1"}],"replies":[{"embeddable":true,"href":"https:\/\/daylight-dream.ee\/index.php?rest_route=%2Fwp%2Fv2%2Fcomments&post=349"}],"version-history":[{"count":14,"href":"https:\/\/daylight-dream.ee\/index.php?rest_route=\/wp\/v2\/pages\/349\/revisions"}],"predecessor-version":[{"id":954,"href":"https:\/\/daylight-dream.ee\/index.php?rest_route=\/wp\/v2\/pages\/349\/revisions\/954"}],"wp:attachment":[{"href":"https:\/\/daylight-dream.ee\/index.php?rest_route=%2Fwp%2Fv2%2Fmedia&parent=349"}],"wp:term":[{"taxonomy":"category","embeddable":true,"href":"https:\/\/daylight-dream.ee\/index.php?rest_route=%2Fwp%2Fv2%2Fcategories&post=349"},{"taxonomy":"post_tag","embeddable":true,"href":"https:\/\/daylight-dream.ee\/index.php?rest_route=%2Fwp%2Fv2%2Ftags&post=349"}],"curies":[{"name":"wp","href":"https:\/\/api.w.org\/{rel}","templated":true}]}}